{"id":1457,"date":"2021-12-01T08:53:15","date_gmt":"2021-12-01T07:53:15","guid":{"rendered":"https:\/\/ceara.es\/cookies-policy\/"},"modified":"2021-12-01T08:53:16","modified_gmt":"2021-12-01T07:53:16","slug":"cookies-policy","status":"publish","type":"page","link":"https:\/\/ceara.es\/en\/cookies-policy\/","title":{"rendered":"Cookies policy"},"content":{"rendered":"<div class=\"cabecera-pagina \">\n<p><img fetchpriority=\"high\" decoding=\"async\" class=\"alignnone size-full wp-image-225 img-cover\" src=\"https:\/\/ceara.es\/wp-content\/uploads\/2021\/10\/cabecera-nosotros02-1.jpg\" alt=\"\" width=\"1600\" height=\"800\"><\/p>\n<h1>Cookies policy<\/h1>\n<\/div>\n<section class=\"container-fluid pt-5\">\n<div class=\"row px-4\">\n<div class=\"col-lg-12\">\n<p><span dir=\"ltr\"><strong>Ceara<\/strong> informs about the use of cookies on its website: www.ceara.es<\/span><\/p>\n<h3><b>What are cookies?<\/b><\/h3>\n<p>Cookies are small text files that are stored on the Internet user&#8217;s device when visiting a web page. It is the website operator who determines what type of information is contained in said cookie and what its purpose is, and may also be used by the web server each time you visit said page. Cookies are used to save time and make the web browsing experience much more efficient. However, they can be used for several different purposes such as remembering your login information or what your purchase order contains.<\/p>\n<p>Types of cookies according to the entity that manages them:<\/p>\n<p><strong>&#8211; Own cookies:<\/strong> are those that are sent to the user&#8217;s terminal equipment from another computer or domain managed by the editor itself and from which the service requested by said user is provided.<\/p>\n<p><strong>&#8211; Third-party cookies:<\/strong> these are those that are sent to the user&#8217;s terminal equipment from another computer or domain that is not managed by the editor, but by another entity that processes the data obtained through cookies.<\/p>\n<p>Types of cookies according to the period of time they remain activated:<\/p>\n<p><strong>&#8211; Session cookies:<\/strong> they are a type of cookies designed to collect and store data while the user accesses a web page.<\/p>\n<p><strong>&#8211; Persistent cookies:<\/strong> these are a type of cookies in which the data is still stored in the terminal and can be accessed and processed during a period defined by the person responsible for the cookie, which can range from a few minutes to several years.<\/p>\n<p>Types of cookies according to their purpose:<\/p>\n<p><strong>&#8211; Technical cookies:<\/strong>are those that allow the user to navigate through a web page, platform or application and the use of the different options or services that exist in it, such as, for example, controlling traffic and data communication, identifying the session, accessing to parts of restricted access, remember the elements that make up an order, carry out the purchase process of an order, make the request for registration or participation in an event, use security elements while browsing, store content for the dissemination of videos or sound or share content through social networks.<\/p>\n<p><strong>&#8211; Personalization cookies:<\/strong>are those that allow the user to access the service with some predefined general characteristics based on a series of criteria in the user&#8217;s terminal, such as the language, the type of browser through which the service is accessed, the regional configuration from where you access the service, etc.<\/p>\n<p><strong>&#8211; Analysis cookies:<\/strong>These are those that allow the person responsible for them to monitor and analyze the behavior of the users of the websites to which they are linked, including the quantification of the impacts of the advertisements. The information collected through this type of cookie is used to measure the activity of the websites, application or platform, in order to introduce improvements based on the analysis of the usage data made by the users of the service.<\/p>\n<p><strong>&#8211; Behavioral advertising cookies:<\/strong> they are those that store information on the behavior of users obtained through the continuous observation of their browsing habits, which allows the development of a specific profile to display advertising based on it.<\/p>\n<p><strong>Cookies implantadas por CUADROS ELECTRICOS ARAUJO, S.L. en www.ceara.es<\/strong><\/p>\n<p>Below we detail the technical cookies we use:<\/p>\n<p><strong>Nombre: <\/strong>wordpress_test_cookie<\/p>\n<p><strong>Categor\u00eda seg\u00fan finalidad: <\/strong>T\u00e9cnica<\/p>\n<p><strong>Categor\u00eda seg\u00fan Duraci\u00f3n: <\/strong>Sesi\u00f3n (Sin especificar)<\/p>\n<p><strong>Categor\u00eda seg\u00fan Gestor: <\/strong>Propia (Sin especificar)<\/p>\n<p><strong>Purpose:<\/strong>This cookie is used for the WordPress content manager to check if the browser has cookies enabled<\/p>\n<p>Our site will only use analytical cookies that you accept us. Below we detail the cookies implanted on our website<\/p>\n<p><strong>Nombre: <\/strong>cdp-cookies-plugin-wp<\/p>\n<p><strong>Categor\u00eda seg\u00fan finalidad: <\/strong>Personalizaci\u00f3n<\/p>\n<p><strong>Categor\u00eda seg\u00fan Duraci\u00f3n: <\/strong>Persistentes (1 a\u00f1o)<\/p>\n<p><strong>Categor\u00eda seg\u00fan Gestor: <\/strong>Propia (Sin especificar)<\/p>\n<p><strong>Purpose:<\/strong>This cookie saves the option to save or not cookies in the user&#8217;s browser.<\/p>\n<p><strong>CONFIGURATION OF COOKIES AND REVOCATION OF CONSENT: <\/strong><\/p>\n<p>In addition to the method that is presented on the site for the user to select the cookies to use, you can manage cookies through the configuration of your browser or device. In the event that you decide to block them, it is possible that certain services that require their use are not available to you.<\/p>\n<p>You can carry out the management of cookies in the following locations of the most popular browsers:<\/p>\n<ul>\n<li>Internet Explorer: Herramientas -&gt; Opciones de Internet -&gt; Privacidad -&gt; Configuraci\u00f3n.<\/li>\n<\/ul>\n<p>For more information, you can consult Microsoft support or browser Help.<\/p>\n<ul>\n<li>Firefox: Herramientas -&gt; Opciones -&gt; Privacidad -&gt; Historial -&gt; Configuraci\u00f3n Personalizada.<\/li>\n<\/ul>\n<p>For more information, you can consult Mozilla support or browser Help.<\/p>\n<ul>\n<li>Chrome: Configuraci\u00f3n -&gt; Mostrar opciones avanzadas -&gt; Privacidad -&gt; Configuraci\u00f3n de contenido.<\/li>\n<\/ul>\n<p>For more information, you can consult Google support or browser Help.<\/p>\n<ul>\n<li>Safari: Preferencias -&gt; Seguridad.<\/li>\n<\/ul>\n<p>For more information, you can consult Apple support or browser Help.<\/p>\n<\/div>\n<\/div>\n<\/section>\n","protected":false},"excerpt":{"rendered":"<p>Cookies policy Ceara informs about the use of cookies on its website: www.ceara.es What are cookies? Cookies are small text files that are stored on the Internet user&#8217;s device when visiting a web page. It is the website operator who determines what type of information is contained in said cookie and what its purpose is,<\/p>\n<a class=\"btn btn-primary read-more-button\" href=\"https:\/\/ceara.es\/en\/cookies-policy\/\">Leer m\u00e1s...<\/a>","protected":false},"author":1,"featured_media":0,"parent":0,"menu_order":0,"comment_status":"closed","ping_status":"closed","template":"pages-templates\/empty-page.php","meta":{"_acf_changed":false,"inline_featured_image":false,"footnotes":""},"class_list":["post-1457","page","type-page","status-publish","hentry"],"acf":[],"yoast_head":"<!-- This site is optimized with the Yoast SEO plugin v23.8 - https:\/\/yoast.com\/wordpress\/plugins\/seo\/ -->\n<title>Cookies policy - Ceara<\/title>\n<meta name=\"description\" content=\"Fabricantes de primer nivel de cuadros el\u00e9ctricos industriales para numerosos sectores. Cookies policy . Ceara.\" \/>\n<meta name=\"robots\" content=\"index, follow, max-snippet:-1, max-image-preview:large, max-video-preview:-1\" \/>\n<link rel=\"canonical\" href=\"https:\/\/ceara.es\/en\/cookies-policy\/\" \/>\n<meta property=\"og:locale\" content=\"en_US\" \/>\n<meta property=\"og:type\" content=\"article\" \/>\n<meta property=\"og:title\" content=\"Cookies policy - Ceara\" \/>\n<meta property=\"og:description\" content=\"Fabricantes de primer nivel de cuadros el\u00e9ctricos industriales para numerosos sectores. Cookies policy . Ceara.\" \/>\n<meta property=\"og:url\" content=\"https:\/\/ceara.es\/en\/cookies-policy\/\" \/>\n<meta property=\"og:site_name\" content=\"Ceara\" \/>\n<meta property=\"article:modified_time\" content=\"2021-12-01T07:53:16+00:00\" \/>\n<meta property=\"og:image\" content=\"https:\/\/ceara.es\/wp-content\/uploads\/2021\/10\/cabecera-nosotros02-1.jpg\" \/>\n<meta name=\"twitter:card\" content=\"summary_large_image\" \/>\n<meta name=\"twitter:label1\" content=\"Est. reading time\" \/>\n\t<meta name=\"twitter:data1\" content=\"4 minutes\" \/>\n<script type=\"application\/ld+json\" class=\"yoast-schema-graph\">{\"@context\":\"https:\/\/schema.org\",\"@graph\":[{\"@type\":\"WebPage\",\"@id\":\"https:\/\/ceara.es\/en\/cookies-policy\/\",\"url\":\"https:\/\/ceara.es\/en\/cookies-policy\/\",\"name\":\"Cookies policy - Ceara\",\"isPartOf\":{\"@id\":\"https:\/\/ceara.es\/#website\"},\"primaryImageOfPage\":{\"@id\":\"https:\/\/ceara.es\/en\/cookies-policy\/#primaryimage\"},\"image\":{\"@id\":\"https:\/\/ceara.es\/en\/cookies-policy\/#primaryimage\"},\"thumbnailUrl\":\"https:\/\/ceara.es\/wp-content\/uploads\/2021\/10\/cabecera-nosotros02-1.jpg\",\"datePublished\":\"2021-12-01T07:53:15+00:00\",\"dateModified\":\"2021-12-01T07:53:16+00:00\",\"description\":\"Fabricantes de primer nivel de cuadros el\u00e9ctricos industriales para numerosos sectores. Cookies policy . Ceara.\",\"breadcrumb\":{\"@id\":\"https:\/\/ceara.es\/en\/cookies-policy\/#breadcrumb\"},\"inLanguage\":\"en-US\",\"potentialAction\":[{\"@type\":\"ReadAction\",\"target\":[\"https:\/\/ceara.es\/en\/cookies-policy\/\"]}]},{\"@type\":\"ImageObject\",\"inLanguage\":\"en-US\",\"@id\":\"https:\/\/ceara.es\/en\/cookies-policy\/#primaryimage\",\"url\":\"https:\/\/ceara.es\/wp-content\/uploads\/2021\/10\/cabecera-nosotros02-1.jpg\",\"contentUrl\":\"https:\/\/ceara.es\/wp-content\/uploads\/2021\/10\/cabecera-nosotros02-1.jpg\"},{\"@type\":\"BreadcrumbList\",\"@id\":\"https:\/\/ceara.es\/en\/cookies-policy\/#breadcrumb\",\"itemListElement\":[{\"@type\":\"ListItem\",\"position\":1,\"name\":\"Portada\",\"item\":\"https:\/\/ceara.es\/en\/\"},{\"@type\":\"ListItem\",\"position\":2,\"name\":\"Cookies policy\"}]},{\"@type\":\"WebSite\",\"@id\":\"https:\/\/ceara.es\/#website\",\"url\":\"https:\/\/ceara.es\/\",\"name\":\"Ceara\",\"description\":\"Fabricantes de cuadros el\u00e9ctricos\",\"potentialAction\":[{\"@type\":\"SearchAction\",\"target\":{\"@type\":\"EntryPoint\",\"urlTemplate\":\"https:\/\/ceara.es\/?s={search_term_string}\"},\"query-input\":{\"@type\":\"PropertyValueSpecification\",\"valueRequired\":true,\"valueName\":\"search_term_string\"}}],\"inLanguage\":\"en-US\"}]}<\/script>\n<!-- \/ Yoast SEO plugin. -->","yoast_head_json":{"title":"Cookies policy - Ceara","description":"Fabricantes de primer nivel de cuadros el\u00e9ctricos industriales para numerosos sectores. Cookies policy . Ceara.","robots":{"index":"index","follow":"follow","max-snippet":"max-snippet:-1","max-image-preview":"max-image-preview:large","max-video-preview":"max-video-preview:-1"},"canonical":"https:\/\/ceara.es\/en\/cookies-policy\/","og_locale":"en_US","og_type":"article","og_title":"Cookies policy - Ceara","og_description":"Fabricantes de primer nivel de cuadros el\u00e9ctricos industriales para numerosos sectores. Cookies policy . Ceara.","og_url":"https:\/\/ceara.es\/en\/cookies-policy\/","og_site_name":"Ceara","article_modified_time":"2021-12-01T07:53:16+00:00","og_image":[{"url":"https:\/\/ceara.es\/wp-content\/uploads\/2021\/10\/cabecera-nosotros02-1.jpg"}],"twitter_card":"summary_large_image","twitter_misc":{"Est. reading time":"4 minutes"},"schema":{"@context":"https:\/\/schema.org","@graph":[{"@type":"WebPage","@id":"https:\/\/ceara.es\/en\/cookies-policy\/","url":"https:\/\/ceara.es\/en\/cookies-policy\/","name":"Cookies policy - Ceara","isPartOf":{"@id":"https:\/\/ceara.es\/#website"},"primaryImageOfPage":{"@id":"https:\/\/ceara.es\/en\/cookies-policy\/#primaryimage"},"image":{"@id":"https:\/\/ceara.es\/en\/cookies-policy\/#primaryimage"},"thumbnailUrl":"https:\/\/ceara.es\/wp-content\/uploads\/2021\/10\/cabecera-nosotros02-1.jpg","datePublished":"2021-12-01T07:53:15+00:00","dateModified":"2021-12-01T07:53:16+00:00","description":"Fabricantes de primer nivel de cuadros el\u00e9ctricos industriales para numerosos sectores. Cookies policy . Ceara.","breadcrumb":{"@id":"https:\/\/ceara.es\/en\/cookies-policy\/#breadcrumb"},"inLanguage":"en-US","potentialAction":[{"@type":"ReadAction","target":["https:\/\/ceara.es\/en\/cookies-policy\/"]}]},{"@type":"ImageObject","inLanguage":"en-US","@id":"https:\/\/ceara.es\/en\/cookies-policy\/#primaryimage","url":"https:\/\/ceara.es\/wp-content\/uploads\/2021\/10\/cabecera-nosotros02-1.jpg","contentUrl":"https:\/\/ceara.es\/wp-content\/uploads\/2021\/10\/cabecera-nosotros02-1.jpg"},{"@type":"BreadcrumbList","@id":"https:\/\/ceara.es\/en\/cookies-policy\/#breadcrumb","itemListElement":[{"@type":"ListItem","position":1,"name":"Portada","item":"https:\/\/ceara.es\/en\/"},{"@type":"ListItem","position":2,"name":"Cookies policy"}]},{"@type":"WebSite","@id":"https:\/\/ceara.es\/#website","url":"https:\/\/ceara.es\/","name":"Ceara","description":"Fabricantes de cuadros el\u00e9ctricos","potentialAction":[{"@type":"SearchAction","target":{"@type":"EntryPoint","urlTemplate":"https:\/\/ceara.es\/?s={search_term_string}"},"query-input":{"@type":"PropertyValueSpecification","valueRequired":true,"valueName":"search_term_string"}}],"inLanguage":"en-US"}]}},"_links":{"self":[{"href":"https:\/\/ceara.es\/en\/wp-json\/wp\/v2\/pages\/1457","targetHints":{"allow":["GET"]}}],"collection":[{"href":"https:\/\/ceara.es\/en\/wp-json\/wp\/v2\/pages"}],"about":[{"href":"https:\/\/ceara.es\/en\/wp-json\/wp\/v2\/types\/page"}],"author":[{"embeddable":true,"href":"https:\/\/ceara.es\/en\/wp-json\/wp\/v2\/users\/1"}],"replies":[{"embeddable":true,"href":"https:\/\/ceara.es\/en\/wp-json\/wp\/v2\/comments?post=1457"}],"version-history":[{"count":1,"href":"https:\/\/ceara.es\/en\/wp-json\/wp\/v2\/pages\/1457\/revisions"}],"predecessor-version":[{"id":1458,"href":"https:\/\/ceara.es\/en\/wp-json\/wp\/v2\/pages\/1457\/revisions\/1458"}],"wp:attachment":[{"href":"https:\/\/ceara.es\/en\/wp-json\/wp\/v2\/media?parent=1457"}],"curies":[{"name":"wp","href":"https:\/\/api.w.org\/{rel}","templated":true}]}}